{"id":144523,"date":"2020-07-02T16:48:57","date_gmt":"2020-07-02T14:48:57","guid":{"rendered":"https:\/\/www.intoscana.it\/?page_id=144523"},"modified":"2020-08-03T10:14:37","modified_gmt":"2020-08-03T08:14:37","slug":"note-legali","status":"publish","type":"page","link":"https:\/\/www.intoscana.it\/it\/note-legali\/","title":{"rendered":"Note legali"},"content":{"rendered":"<h1>Note legali<\/h1>\n<p>Tutti i testi, la grafica e il software presenti all&#8217;interno di questo sito sono protetti ai sensi delle normative sul diritto d&#8217;autore, sui brevetti e di quelle relative alla propriet\u00e0 intellettuale. Ogni prodotto o societ\u00e0 menzionati in questo sito sono marchi dei rispettivi proprietari o titolari e possono essere protetti da brevetti e\/o copyright concessi o registrati dalle autorit\u00e0 preposte. Possono quindi essere scaricati o utilizzati solo per uso personale e non commerciale: pertanto nulla, neppure in parte, potr\u00e0 essere riprodotto, modificato o rivenduto per fini di lucro.<\/p>\n<h3>Utilizzo del sito<\/h3>\n<p>In nessun caso la Fondazione Sistema Toscana potr\u00e0 essere ritenuta responsabile dei danni di qualsiasi natura causati direttamente o indirettamente dall&#8217;accesso al sito, dall&#8217;utilizzo degli strumenti interattivi, dall&#8217;incapacit\u00e0 o impossibilit\u00e0 di accedervi, dall&#8217;utilizzo delle notizie in esso contenute. Sono consentite citazioni a titolo di cronaca o recensione se accompagnate dall&#8217;indicazione della fonte &#8220;in toscana.it&#8221; e dalla sua Url. La Fondazione Sistema Toscana si riserva il diritto di riprodurre i testi in altre pubblicazioni. La Fondazione Sistema Toscana si riserva il diritto di modificare i contenuti del sito e delle note legali in qualsiasi momento e senza alcun preavviso.<\/p>\n<h3>Segnalazione errori<\/h3>\n<p>L&#8217;obiettivo principale di questo servizio \u00e8 fornire un&#8217;informazione tempestiva e precisa: si invitano gli utenti a segnalare eventuali errori o malfunzionamenti, sia sulle pagine informative che nei servizi interattivi. Accesso a siti esterni collegati La Fondazione Sistema Toscana non ha alcuna responsabilit\u00e0 per quanto riguarda i siti ai quali \u00e8 possibile accedere tramite i collegamenti posti all&#8217;interno del sito stesso. La Fondazione Sistema Toscana non \u00e8 responsabile delle informazioni ottenute dall&#8217;utente tramite l&#8217;accesso ai siti raggiungibili tramite collegamento ipertestuale. Pertanto della completezza e precisione delle informazioni sono da ritenersi responsabili i soggetti titolari dei siti ai quali si accede alle condizioni dagli stessi previste. Download Ogni oggetto presente su questo sito per lo scaricamento (download) come ad esempio documentazione tecnica, normativa, modulistica e software ecc., salvo diversa indicazione, \u00e8 liberamente e gratuitamente disponibile alle condizioni stabilite dal titolare.<\/p>\n","protected":false},"excerpt":{"rendered":"<p>Note legali Tutti i testi, la grafica e il software presenti all&#8217;interno di questo sito sono protetti ai sensi delle normative sul diritto d&#8217;autore, sui brevetti e di quelle relative alla propriet\u00e0 intellettuale. Ogni prodotto o societ\u00e0 menzionati in questo sito sono marchi dei rispettivi proprietari o titolari e possono essere protetti da brevetti e\/o [&hellip;]<\/p>\n","protected":false},"author":1,"featured_media":0,"parent":0,"menu_order":0,"comment_status":"closed","ping_status":"closed","template":"","meta":{"_acf_changed":false,"footnotes":""},"class_list":["post-144523","page","type-page","status-publish","hentry"],"acf":[],"yoast_head":"<!-- This site is optimized with the Yoast SEO Premium plugin v24.2 (Yoast SEO v25.6) - https:\/\/yoast.com\/wordpress\/plugins\/seo\/ -->\n<title>Note legali - intoscana<\/title>\n<meta name=\"robots\" content=\"index, follow, max-snippet:-1, max-image-preview:large, max-video-preview:-1\" \/>\n<link rel=\"canonical\" href=\"https:\/\/www.intoscana.it\/it\/note-legali\/\" \/>\n<meta property=\"og:locale\" content=\"it_IT\" \/>\n<meta property=\"og:type\" content=\"article\" \/>\n<meta property=\"og:title\" content=\"Note legali\" \/>\n<meta property=\"og:description\" content=\"Note legali Tutti i testi, la grafica e il software presenti all&#8217;interno di questo sito sono protetti ai sensi delle normative sul diritto d&#8217;autore, sui brevetti e di quelle relative alla propriet\u00e0 intellettuale. Ogni prodotto o societ\u00e0 menzionati in questo sito sono marchi dei rispettivi proprietari o titolari e possono essere protetti da brevetti e\/o [&hellip;]\" \/>\n<meta property=\"og:url\" content=\"https:\/\/www.intoscana.it\/it\/note-legali\/\" \/>\n<meta property=\"og:site_name\" content=\"intoscana\" \/>\n<meta property=\"article:publisher\" content=\"https:\/\/www.facebook.com\/intoscana.it\" \/>\n<meta property=\"article:modified_time\" content=\"2020-08-03T08:14:37+00:00\" \/>\n<meta name=\"twitter:card\" content=\"summary_large_image\" \/>\n<meta name=\"twitter:site\" content=\"@intoscana\" \/>\n<meta name=\"twitter:label1\" content=\"Est. reading time\" \/>\n\t<meta name=\"twitter:data1\" content=\"2 minuti\" \/>\n<script type=\"application\/ld+json\" class=\"yoast-schema-graph\">{\"@context\":\"https:\/\/schema.org\",\"@graph\":[{\"@type\":\"WebPage\",\"@id\":\"https:\/\/www.intoscana.it\/it\/note-legali\/\",\"url\":\"https:\/\/www.intoscana.it\/it\/note-legali\/\",\"name\":\"Note legali - intoscana\",\"isPartOf\":{\"@id\":\"https:\/\/www.intoscana.it\/it\/#website\"},\"datePublished\":\"2020-07-02T14:48:57+00:00\",\"dateModified\":\"2020-08-03T08:14:37+00:00\",\"breadcrumb\":{\"@id\":\"https:\/\/www.intoscana.it\/it\/note-legali\/#breadcrumb\"},\"inLanguage\":\"it-IT\",\"potentialAction\":[{\"@type\":\"ReadAction\",\"target\":[\"https:\/\/www.intoscana.it\/it\/note-legali\/\"]}]},{\"@type\":\"BreadcrumbList\",\"@id\":\"https:\/\/www.intoscana.it\/it\/note-legali\/#breadcrumb\",\"itemListElement\":[{\"@type\":\"ListItem\",\"position\":1,\"name\":\"Home\",\"item\":\"https:\/\/www.intoscana.it\/it\/\"},{\"@type\":\"ListItem\",\"position\":2,\"name\":\"Note legali\"}]},{\"@type\":\"WebSite\",\"@id\":\"https:\/\/www.intoscana.it\/it\/#website\",\"url\":\"https:\/\/www.intoscana.it\/it\/\",\"name\":\"intoscana\",\"description\":\"\",\"potentialAction\":[{\"@type\":\"SearchAction\",\"target\":{\"@type\":\"EntryPoint\",\"urlTemplate\":\"https:\/\/www.intoscana.it\/it\/?s={search_term_string}\"},\"query-input\":{\"@type\":\"PropertyValueSpecification\",\"valueRequired\":true,\"valueName\":\"search_term_string\"}}],\"inLanguage\":\"it-IT\"}]}<\/script>\n<!-- \/ Yoast SEO Premium plugin. -->","yoast_head_json":{"title":"Note legali - intoscana","robots":{"index":"index","follow":"follow","max-snippet":"max-snippet:-1","max-image-preview":"max-image-preview:large","max-video-preview":"max-video-preview:-1"},"canonical":"https:\/\/www.intoscana.it\/it\/note-legali\/","og_locale":"it_IT","og_type":"article","og_title":"Note legali","og_description":"Note legali Tutti i testi, la grafica e il software presenti all&#8217;interno di questo sito sono protetti ai sensi delle normative sul diritto d&#8217;autore, sui brevetti e di quelle relative alla propriet\u00e0 intellettuale. Ogni prodotto o societ\u00e0 menzionati in questo sito sono marchi dei rispettivi proprietari o titolari e possono essere protetti da brevetti e\/o [&hellip;]","og_url":"https:\/\/www.intoscana.it\/it\/note-legali\/","og_site_name":"intoscana","article_publisher":"https:\/\/www.facebook.com\/intoscana.it","article_modified_time":"2020-08-03T08:14:37+00:00","twitter_card":"summary_large_image","twitter_site":"@intoscana","twitter_misc":{"Est. reading time":"2 minuti"},"schema":{"@context":"https:\/\/schema.org","@graph":[{"@type":"WebPage","@id":"https:\/\/www.intoscana.it\/it\/note-legali\/","url":"https:\/\/www.intoscana.it\/it\/note-legali\/","name":"Note legali - intoscana","isPartOf":{"@id":"https:\/\/www.intoscana.it\/it\/#website"},"datePublished":"2020-07-02T14:48:57+00:00","dateModified":"2020-08-03T08:14:37+00:00","breadcrumb":{"@id":"https:\/\/www.intoscana.it\/it\/note-legali\/#breadcrumb"},"inLanguage":"it-IT","potentialAction":[{"@type":"ReadAction","target":["https:\/\/www.intoscana.it\/it\/note-legali\/"]}]},{"@type":"BreadcrumbList","@id":"https:\/\/www.intoscana.it\/it\/note-legali\/#breadcrumb","itemListElement":[{"@type":"ListItem","position":1,"name":"Home","item":"https:\/\/www.intoscana.it\/it\/"},{"@type":"ListItem","position":2,"name":"Note legali"}]},{"@type":"WebSite","@id":"https:\/\/www.intoscana.it\/it\/#website","url":"https:\/\/www.intoscana.it\/it\/","name":"intoscana","description":"","potentialAction":[{"@type":"SearchAction","target":{"@type":"EntryPoint","urlTemplate":"https:\/\/www.intoscana.it\/it\/?s={search_term_string}"},"query-input":{"@type":"PropertyValueSpecification","valueRequired":true,"valueName":"search_term_string"}}],"inLanguage":"it-IT"}]}},"_links":{"self":[{"href":"https:\/\/www.intoscana.it\/it\/wp-json\/wp\/v2\/pages\/144523","targetHints":{"allow":["GET"]}}],"collection":[{"href":"https:\/\/www.intoscana.it\/it\/wp-json\/wp\/v2\/pages"}],"about":[{"href":"https:\/\/www.intoscana.it\/it\/wp-json\/wp\/v2\/types\/page"}],"author":[{"embeddable":true,"href":"https:\/\/www.intoscana.it\/it\/wp-json\/wp\/v2\/users\/1"}],"replies":[{"embeddable":true,"href":"https:\/\/www.intoscana.it\/it\/wp-json\/wp\/v2\/comments?post=144523"}],"version-history":[{"count":0,"href":"https:\/\/www.intoscana.it\/it\/wp-json\/wp\/v2\/pages\/144523\/revisions"}],"wp:attachment":[{"href":"https:\/\/www.intoscana.it\/it\/wp-json\/wp\/v2\/media?parent=144523"}],"curies":[{"name":"wp","href":"https:\/\/api.w.org\/{rel}","templated":true}]}}